{"id":5267,"date":"2021-10-08T09:52:37","date_gmt":"2021-10-08T07:52:37","guid":{"rendered":"https:\/\/www.altechkachels.com\/senza-categoria\/ecosy-pellet\/"},"modified":"2022-03-18T14:45:32","modified_gmt":"2022-03-18T12:45:32","slug":"ecosy-pellet-basis","status":"publish","type":"product","link":"https:\/\/www.altechkachels.com\/it\/stufe-a-pellet\/ecosy-pellet-it\/ecosy-pellet-basis\/","title":{"rendered":"Ecosy Pellet"},"content":{"rendered":"<h3>Godetevi il gioco delle fiamme al massimo<\/h3>\n<p>Oltre al calore rilassante e intenso della stufa a pellet Altech Ecosy, con questo modello puoi anche godere appieno del bellissimo gioco delle fiamme. La stufa a pellet Ecosy ha una grande porta che permette una buona visione del fuoco.<\/p>\n<p>La stufa a pellet Altech Ecosy \u00e8 disponibile in due colori: pietra ollare naturale con ghisa color antracite o verniciata nera. Nell&#8217;opzione nera monocromatica, sia la pietra ollare che la ghisa sono state dipinte di nero. La Ecosy \u00e8 una stufa a pellet dotata di un bruciatore da 4 kg.<\/p>\n<h3>Curioso di conoscere la stufa a pellet in pietra ollare Altech Ecosy?<\/h3>\n<p>Provate voi stessi il meraviglioso calore e ammirate questa stufa nello showroom di uno dei nostri rivenditori.<\/p>\n","protected":false},"excerpt":{"rendered":"<p>La stufa a pellet Altech Ecosy \u00e8 una stufa a pellet sottile e dalle forme tondeggianti. La particolarit\u00e0 di questa stufa \u00e8 che funziona senza elettricit\u00e0. Questo perch\u00e9 Ecosy ha un bruciatore a pellet che \u00e8 dotato di una sistema di conduzione dell\u2019aria primaria e secondaria. Questo sistema fa s\u00ec che i gas che fuoriescono dai pellet vengano bruciati nella parte superiore del bruciatore, dando luogo a un bel gioco di fiamme. La combustione \u00e8 completamente naturale: in questa stufa a pellet non vengono utilizzati ventilatori. Questo rende la stufa a pellet Altech Ecosy priva di elettricit\u00e0, incredibilmente silenziosa e non soggetta a malfunzionamenti.<\/p>\n","protected":false},"featured_media":7691,"comment_status":"open","ping_status":"closed","template":"","meta":{"_acf_changed":false,"_et_pb_use_builder":"","_et_pb_old_content":"","_et_gb_content_width":"","inline_featured_image":false},"product_brand":[],"product_cat":[133,121],"product_tag":[],"class_list":{"0":"post-5267","1":"product","2":"type-product","3":"status-publish","4":"has-post-thumbnail","6":"product_cat-ecosy-pellet-it","7":"product_cat-stufe-a-pellet","9":"first","10":"instock","11":"shipping-taxable","12":"product-type-simple"},"acf":[],"_links":{"self":[{"href":"https:\/\/www.altechkachels.com\/it\/wp-json\/wp\/v2\/product\/5267","targetHints":{"allow":["GET"]}}],"collection":[{"href":"https:\/\/www.altechkachels.com\/it\/wp-json\/wp\/v2\/product"}],"about":[{"href":"https:\/\/www.altechkachels.com\/it\/wp-json\/wp\/v2\/types\/product"}],"replies":[{"embeddable":true,"href":"https:\/\/www.altechkachels.com\/it\/wp-json\/wp\/v2\/comments?post=5267"}],"wp:featuredmedia":[{"embeddable":true,"href":"https:\/\/www.altechkachels.com\/it\/wp-json\/wp\/v2\/media\/7691"}],"wp:attachment":[{"href":"https:\/\/www.altechkachels.com\/it\/wp-json\/wp\/v2\/media?parent=5267"}],"wp:term":[{"taxonomy":"product_brand","embeddable":true,"href":"https:\/\/www.altechkachels.com\/it\/wp-json\/wp\/v2\/product_brand?post=5267"},{"taxonomy":"product_cat","embeddable":true,"href":"https:\/\/www.altechkachels.com\/it\/wp-json\/wp\/v2\/product_cat?post=5267"},{"taxonomy":"product_tag","embeddable":true,"href":"https:\/\/www.altechkachels.com\/it\/wp-json\/wp\/v2\/product_tag?post=5267"}],"curies":[{"name":"wp","href":"https:\/\/api.w.org\/{rel}","templated":true}]}}