{"id":6266,"date":"2021-11-09T17:19:39","date_gmt":"2021-11-09T15:19:39","guid":{"rendered":"https:\/\/www.altechkachels.com\/senza-categoria\/vision-basis\/"},"modified":"2021-11-09T17:19:39","modified_gmt":"2021-11-09T15:19:39","slug":"vision-basis-it","status":"publish","type":"product","link":"https:\/\/www.altechkachels.com\/it\/stufe-a-legna\/vision-it\/vision-basis-it\/","title":{"rendered":"Vision Basis"},"content":{"rendered":"<p>Questo basamento Vision \u00e8 dotato di uno sportello di riempimento laterale per rendere ancora pi\u00f9 facile il rifornimento della stufa. In passato, la maggior parte delle stufe a legna era dotata di uno sportello di riempimento laterale. Con l&#8217;aggiornamento della tecnologia, non \u00e8 pi\u00f9 un obbligo, ma \u00e8 comunque apprezzato da molte persone.  <\/p>\n<p>L&#8217;Altech Vision \u00e8 un vero e proprio concentrato di energia. In grado di riscaldare rapidamente gli ambienti, il Vision Basis offre una grande atmosfera grazie all&#8217;ampia finestra che offre una splendida vista sulle fiamme danzanti. La solidit\u00e0 che il Vision emana non \u00e8 un&#8217;esclusiva di Altech. Fin dall&#8217;inizio, l&#8217;azienda non ha mai fatto diversamente: il Vision Basis \u00e8 stato uno dei primi modelli che Altech ha introdotto sul mercato ed \u00e8 ancora molto richiesto.   <\/p>\n<h3>Diverse versioni di Vision disponibili<\/h3>\n<p>La serie Vision \u00e8 composta da 2 modelli diversi. I modelli sono fondamentalmente uguali, ma a livello di dettagli si differenziano per l&#8217;aspetto. Questo perch\u00e9 il modello Altech Vision Basis \u00e8 disponibile anche con l&#8217;opzione di un forno (Vision Cook).  <\/p>\n<p>Vision Basis \u00e8 disponibile in pietra ollare naturale con ghisa antracite o verniciata nera.<\/p>\n<h3>Curioso di conoscere la stufa a legna in pietra ollare Altech Vision basic?<\/h3>\n<p>Provate voi stessi il meraviglioso calore e ammirate questa stufa nello showroom di uno dei nostri rivenditori.<\/p>\n","protected":false},"excerpt":{"rendered":"<p>Altech Vision Basis \u00e8 un&#8217;autentica stufa a legna in pietra ollare della famosa serie Vision di Altech. Questa serie \u00e8 nota per la sua autenticit\u00e0, robustezza e facilit\u00e0 d&#8217;uso. Il modello Vision Basis unisce la moderna tecnologia Altech a un look elegante e tradizionale.  <\/p>\n","protected":false},"featured_media":3671,"comment_status":"open","ping_status":"closed","template":"","meta":{"_acf_changed":false,"_et_pb_use_builder":"","_et_pb_old_content":"","_et_gb_content_width":"","inline_featured_image":false},"product_brand":[],"product_cat":[120,129],"product_tag":[],"class_list":{"0":"post-6266","1":"product","2":"type-product","3":"status-publish","4":"has-post-thumbnail","6":"product_cat-stufe-a-legna","7":"product_cat-vision-it","9":"first","10":"instock","11":"shipping-taxable","12":"product-type-simple"},"acf":[],"_links":{"self":[{"href":"https:\/\/www.altechkachels.com\/it\/wp-json\/wp\/v2\/product\/6266","targetHints":{"allow":["GET"]}}],"collection":[{"href":"https:\/\/www.altechkachels.com\/it\/wp-json\/wp\/v2\/product"}],"about":[{"href":"https:\/\/www.altechkachels.com\/it\/wp-json\/wp\/v2\/types\/product"}],"replies":[{"embeddable":true,"href":"https:\/\/www.altechkachels.com\/it\/wp-json\/wp\/v2\/comments?post=6266"}],"wp:featuredmedia":[{"embeddable":true,"href":"https:\/\/www.altechkachels.com\/it\/wp-json\/wp\/v2\/media\/3671"}],"wp:attachment":[{"href":"https:\/\/www.altechkachels.com\/it\/wp-json\/wp\/v2\/media?parent=6266"}],"wp:term":[{"taxonomy":"product_brand","embeddable":true,"href":"https:\/\/www.altechkachels.com\/it\/wp-json\/wp\/v2\/product_brand?post=6266"},{"taxonomy":"product_cat","embeddable":true,"href":"https:\/\/www.altechkachels.com\/it\/wp-json\/wp\/v2\/product_cat?post=6266"},{"taxonomy":"product_tag","embeddable":true,"href":"https:\/\/www.altechkachels.com\/it\/wp-json\/wp\/v2\/product_tag?post=6266"}],"curies":[{"name":"wp","href":"https:\/\/api.w.org\/{rel}","templated":true}]}}