{"id":6269,"date":"2022-06-09T13:52:56","date_gmt":"2022-06-09T11:52:56","guid":{"rendered":"https:\/\/www.altechkachels.com\/senza-categoria\/max-b-pellet\/"},"modified":"2022-06-09T13:52:56","modified_gmt":"2022-06-09T11:52:56","slug":"max-b-pellet","status":"publish","type":"product","link":"https:\/\/www.altechkachels.com\/it\/stufe-a-pellet\/max-pellet-it\/max-b-pellet\/","title":{"rendered":"Max B pellet"},"content":{"rendered":"<p><strong>Altech Max B Pellet<\/strong><br \/>\nL&#8217;Altech Max Pellet \u00e8 un modello della famosa serie Max di Altech. Il Max B Pellet, come tutti gli altri modelli di questa serie, \u00e8 caratterizzato da una struttura in acciaio e da forme rettangolari. Questa combinazione rende la Max B Pellet il design pi\u00f9 elegante di tutte le stufe in pietra ollare Altech.<\/p>\n<p><strong>Adatto a quasi tutte le famiglie<\/strong><br \/>\nCon una potenza da 2 a 10 kW, la stufa a pellet Max B \u00e8 adatta a fornire un meraviglioso calore a infrarossi sia alle stanze pi\u00f9 piccole che agli spazi pi\u00f9 ampi. Il fuoco dell&#8217;elegante stufa a pellet Max B \u00e8 facile da ammirare attraverso la sua ampia cornice. E con questo modello, non solo potrete godere di una splendida vista sul fuoco. No, il meraviglioso e salutare calore a infrarossi dello spesso strato di pietra ollare, unito al funzionamento semplice ed efficace, rendono queste stufe a pellet ancora pi\u00f9 popolari.<\/p>\n<p><strong>Godetevi un bel fuoco con questa stufa a pellet currentless<\/strong><br \/>\nCon la stufa a pellet Altech Max B si ottiene un bellissimo disegno della fiamma e si gode del calore salutare della pietra ollare. Questa stufa in pietra ollare brucia pellet di legno e non funziona in modo automatizzato come una tipica stufa a pellet, ma con un sistema di micro-gassificazione.<\/p>\n<p>Questa tecnologia brevettata garantisce una combustione pulita e un&#8217;efficienza molto elevata. Questo modello (come gli altri modelli di stufe a legna e a pellet in pietra ollare) funziona con l&#8217;ossigeno dell&#8217;ambiente e il tiraggio naturale della canna fumaria. Con questo sistema di combustione senza potenza, non sono necessari ventilatori. Cos\u00ec i rumori fastidiosi o i disturbi sono storia passata. Grazie all&#8217;esclusivo sistema di combustione, le stufe a pellet Altech raggiungono un&#8217;elevata efficienza e un consumo minimo di pellet.<\/p>\n<h2>Godetevi il meraviglioso calore della pietra ollare con la stufa a pellet Altech Max B<\/h2>\n<p>L&#8217;Altech Max B \u00e8 costituito principalmente da <a href=\"https:\/\/www.altechkachels.com\/kenniscentrum\/wat-is-speksteen\/\">pietra ollare.<\/a> La particolarit\u00e0 di questo materiale \u00e8 che la pietra ollare immagazzina il calore e lo irradia in modo uniforme. Questo calore pu\u00f2 essere paragonato al calore infrarosso del sole. Il calore a infrarossi \u00e8 il calore pi\u00f9 naturale che esista e riscalda gli oggetti nella stanza. Il calore \u00e8 come una coperta che vi avvolge e riscalda tutto il corpo e l&#8217;ambiente circostante. <\/p>\n<p><strong>Sono possibili diverse versioni di Max<\/strong><br \/>\nL&#8217;Altech Max B Pellet \u00e8 uno dei modelli eleganti della famosa serie Max di Altech. \u00c8 anche disponibile in pietra ollare naturale con ghisa antracite o in pietra ollare nera uni con ghisa nera.<\/p>\n<p><strong>Provate voi stessi la stufa a pellet Altech Max B<\/strong><br \/>\nSiete curiosi di conoscere questa stufa a pellet? Ammiratela nello showroom di uno dei nostri <a href=\"https:\/\/www.altechkachels.com\/dealers\/\">rivenditori<\/a> o nel Centro di Esperienza di <a href=\"http:\/\/www.haveverwarming.nl\/experiencecenter\" rel=\"noopener\">HAV\u00c9 Heating.<\/a><\/p>\n","protected":false},"excerpt":{"rendered":"<p>Un design elegante senza precedenti combinato con il familiare calore della pietra ollare: questo rende Altech Max la &#8220;stufa a legna del futuro&#8221;.<\/p>\n","protected":false},"featured_media":5910,"comment_status":"open","ping_status":"closed","template":"","meta":{"_acf_changed":false,"_et_pb_use_builder":"","_et_pb_old_content":"","_et_gb_content_width":"","inline_featured_image":false},"product_brand":[],"product_cat":[142,121],"product_tag":[],"class_list":{"0":"post-6269","1":"product","2":"type-product","3":"status-publish","4":"has-post-thumbnail","6":"product_cat-max-pellet-it","7":"product_cat-stufe-a-pellet","9":"first","10":"instock","11":"shipping-taxable","12":"product-type-simple"},"acf":[],"_links":{"self":[{"href":"https:\/\/www.altechkachels.com\/it\/wp-json\/wp\/v2\/product\/6269","targetHints":{"allow":["GET"]}}],"collection":[{"href":"https:\/\/www.altechkachels.com\/it\/wp-json\/wp\/v2\/product"}],"about":[{"href":"https:\/\/www.altechkachels.com\/it\/wp-json\/wp\/v2\/types\/product"}],"replies":[{"embeddable":true,"href":"https:\/\/www.altechkachels.com\/it\/wp-json\/wp\/v2\/comments?post=6269"}],"wp:featuredmedia":[{"embeddable":true,"href":"https:\/\/www.altechkachels.com\/it\/wp-json\/wp\/v2\/media\/5910"}],"wp:attachment":[{"href":"https:\/\/www.altechkachels.com\/it\/wp-json\/wp\/v2\/media?parent=6269"}],"wp:term":[{"taxonomy":"product_brand","embeddable":true,"href":"https:\/\/www.altechkachels.com\/it\/wp-json\/wp\/v2\/product_brand?post=6269"},{"taxonomy":"product_cat","embeddable":true,"href":"https:\/\/www.altechkachels.com\/it\/wp-json\/wp\/v2\/product_cat?post=6269"},{"taxonomy":"product_tag","embeddable":true,"href":"https:\/\/www.altechkachels.com\/it\/wp-json\/wp\/v2\/product_tag?post=6269"}],"curies":[{"name":"wp","href":"https:\/\/api.w.org\/{rel}","templated":true}]}}