{"id":6272,"date":"2022-06-09T10:02:33","date_gmt":"2022-06-09T08:02:33","guid":{"rendered":"https:\/\/www.altechkachels.com\/senza-categoria\/max-h\/"},"modified":"2022-06-09T10:02:33","modified_gmt":"2022-06-09T08:02:33","slug":"max-h","status":"publish","type":"product","link":"https:\/\/www.altechkachels.com\/it\/stufe-a-legna\/max-it\/max-h\/","title":{"rendered":"Max H"},"content":{"rendered":"<p>La stufa a legna Altech Max H in pietra ollare \u00e8 il modello base su gambe e uno dei modelli pi\u00f9 popolari della gamma Max. Il Max H \u00e8 caratterizzato da un design rettangolare. Grazie a questo design, l&#8217;apparecchio offre una bella vista dall&#8217;alto sul fuoco. Queste caratteristiche, unite all&#8217;alta efficienza e all&#8217;uso della pietra ollare abbinata all&#8217;acciaio, rendono questa stufa molto popolare.<\/p>\n<h2>La stufa in pietra ollare pi\u00f9 elegante del mercato<\/h2>\n<p>Per la prima volta in 40 anni di produzione di stufe in pietra ollare, Altech ha scelto di commercializzare un modello con telaio in acciaio. Questa struttura in acciaio e le pietre ollari incassate conferiscono all&#8217;Altech Max il design pi\u00f9 elegante di tutte le stufe in pietra ollare. <\/p>\n<p>Con una potenza da 3 a 8,5 kW, il Max \u00e8 adatto a fornire un meraviglioso calore a infrarossi sia alle stanze pi\u00f9 piccole che agli spazi pi\u00f9 ampi. La stufa a legna \u00e8 facile da usare: \u00e8 possibile azionare la maniglia integrata della porta e la leva dell&#8217;aria utilizzando la chiave in dotazione. Come ci si aspetta da Altech, questo modello \u00e8 disponibile su un ponte di tronchi che offre una vista ancora migliore delle splendide fiamme.<\/p>\n<h2>Godetevi il meraviglioso calore della pietra ollare con l&#8217;Altech Max H<\/h2>\n<p>L&#8217;Altech Max H \u00e8 composto principalmente da <a href=\"https:\/\/www.altechkachels.com\/kenniscentrum\/wat-is-speksteen\/\">pietra ollare.<\/a> La particolarit\u00e0 di questo tipo di materiale \u00e8 che la pietra ollare immagazzina il calore e lo irradia in modo uniforme. Questo calore pu\u00f2 essere paragonato al calore infrarosso del sole. Il calore a infrarossi \u00e8 il calore pi\u00f9 naturale che esista e riscalda gli oggetti nella stanza. Il calore \u00e8 come una coperta che vi avvolge e riscalda tutto il corpo e l&#8217;ambiente circostante. <\/p>\n<h2>Siete curiosi di conoscere la stufa a legna in pietra ollare Altech Max H?<\/h2>\n<p>Provate il meraviglioso calore e ammirate questa stufa nello showroom di uno dei nostri <a href=\"https:\/\/www.altechkachels.com\/dealers\/\">rivenditori<\/a> o presso il Centro di Esperienza di <a href=\"http:\/\/www.haveverwarming.nl\/experiencecenter\" rel=\"noopener\">HAV\u00c9 Heating.<\/a><\/p>\n","protected":false},"excerpt":{"rendered":"<p>Un design elegante senza precedenti combinato con il familiare calore della pietra ollare: questo rende Altech Max la &#8220;stufa a legna del futuro&#8221;.<\/p>\n","protected":false},"featured_media":5797,"comment_status":"open","ping_status":"closed","template":"","meta":{"_acf_changed":false,"_et_pb_use_builder":"","_et_pb_old_content":"","_et_gb_content_width":"","inline_featured_image":false},"product_brand":[],"product_cat":[141,120],"product_tag":[],"class_list":{"0":"post-6272","1":"product","2":"type-product","3":"status-publish","4":"has-post-thumbnail","6":"product_cat-max-it","7":"product_cat-stufe-a-legna","9":"first","10":"instock","11":"shipping-taxable","12":"product-type-simple"},"acf":[],"_links":{"self":[{"href":"https:\/\/www.altechkachels.com\/it\/wp-json\/wp\/v2\/product\/6272","targetHints":{"allow":["GET"]}}],"collection":[{"href":"https:\/\/www.altechkachels.com\/it\/wp-json\/wp\/v2\/product"}],"about":[{"href":"https:\/\/www.altechkachels.com\/it\/wp-json\/wp\/v2\/types\/product"}],"replies":[{"embeddable":true,"href":"https:\/\/www.altechkachels.com\/it\/wp-json\/wp\/v2\/comments?post=6272"}],"wp:featuredmedia":[{"embeddable":true,"href":"https:\/\/www.altechkachels.com\/it\/wp-json\/wp\/v2\/media\/5797"}],"wp:attachment":[{"href":"https:\/\/www.altechkachels.com\/it\/wp-json\/wp\/v2\/media?parent=6272"}],"wp:term":[{"taxonomy":"product_brand","embeddable":true,"href":"https:\/\/www.altechkachels.com\/it\/wp-json\/wp\/v2\/product_brand?post=6272"},{"taxonomy":"product_cat","embeddable":true,"href":"https:\/\/www.altechkachels.com\/it\/wp-json\/wp\/v2\/product_cat?post=6272"},{"taxonomy":"product_tag","embeddable":true,"href":"https:\/\/www.altechkachels.com\/it\/wp-json\/wp\/v2\/product_tag?post=6272"}],"curies":[{"name":"wp","href":"https:\/\/api.w.org\/{rel}","templated":true}]}}