{"id":6274,"date":"2022-06-09T11:08:16","date_gmt":"2022-06-09T09:08:16","guid":{"rendered":"https:\/\/www.altechkachels.com\/senza-categoria\/max-h-depot\/"},"modified":"2022-06-09T11:08:16","modified_gmt":"2022-06-09T09:08:16","slug":"max-h-depot","status":"publish","type":"product","link":"https:\/\/www.altechkachels.com\/it\/stufe-a-legna\/max-it\/max-h-depot\/","title":{"rendered":"Max H depot"},"content":{"rendered":"<p><strong>Altech Max H Depot<\/strong><br \/>\nIl Max H Depot, come tutti gli altri modelli di questa serie, \u00e8 caratterizzato da una struttura in acciaio e da forme rettangolari. Questa combinazione rende il Max H Depot il design pi\u00f9 elegante di tutte le stufe in pietra ollare Altech.<\/p>\n<p>Con una potenza da 3 a 8,5 kW, il Max H Depot \u00e8 adatto a fornire il suo meraviglioso calore a infrarossi sia alle stanze pi\u00f9 piccole che ai grandi spazi. La stufa a legna \u00e8 facile da usare: \u00e8 possibile azionare la maniglia integrata della porta e la leva dell&#8217;aria utilizzando la chiave in dotazione. <\/p>\n<p><strong>Sono possibili diverse versioni di Max<\/strong><br \/>\nL&#8217;Altech Max H Depot \u00e8 uno dei modelli della famosa serie Max di Altech. Questa versione del Max H \u00e8 dotata di un deposito di legna, che consente di vedere ancora meglio i bellissimi giochi di fuoco. Inoltre, questa stufa \u00e8 disponibile in pietra ollare naturale con ghisa antracite o in pietra ollare nera uni con ghisa nera.<\/p>\n<h2>Godetevi il meraviglioso calore della pietra ollare con il deposito Altech Max H<\/h2>\n<p>L&#8217;Altech Max B \u00e8 costituito principalmente da <a href=\"https:\/\/www.altechkachels.com\/kenniscentrum\/wat-is-speksteen\/\">pietra ollare.<\/a> La particolarit\u00e0 di questo tipo di materiale \u00e8 che la pietra ollare immagazzina il calore e lo irradia in modo uniforme. Questo calore pu\u00f2 essere paragonato al calore infrarosso del sole. Il calore a infrarossi \u00e8 il calore pi\u00f9 naturale che esista e riscalda gli oggetti nella stanza. Il calore \u00e8 come una coperta che vi avvolge e riscalda tutto il corpo e l&#8217;ambiente circostante. <\/p>\n<p><strong>Provate voi stessi il deposito Altech Max H<\/strong><br \/>\nSiete curiosi di conoscere questa stufa a legna? Ammiratela nello showroom di uno dei nostri <a href=\"https:\/\/www.altechkachels.com\/dealers\/\">rivenditori<\/a> o nel Centro di Esperienza di <a href=\"http:\/\/www.haveverwarming.nl\/experiencecenter\" rel=\"noopener\">HAV\u00c9 Heating.<\/a><\/p>\n","protected":false},"excerpt":{"rendered":"<p>Un design elegante senza precedenti combinato con il familiare calore della pietra ollare: questo rende Altech Max la &#8220;stufa a legna del futuro&#8221;.<\/p>\n","protected":false},"featured_media":6036,"comment_status":"open","ping_status":"closed","template":"","meta":{"_acf_changed":false,"_et_pb_use_builder":"","_et_pb_old_content":"","_et_gb_content_width":"","inline_featured_image":false},"product_brand":[],"product_cat":[141,120],"product_tag":[],"class_list":{"0":"post-6274","1":"product","2":"type-product","3":"status-publish","4":"has-post-thumbnail","6":"product_cat-max-it","7":"product_cat-stufe-a-legna","9":"first","10":"instock","11":"shipping-taxable","12":"product-type-simple"},"acf":[],"_links":{"self":[{"href":"https:\/\/www.altechkachels.com\/it\/wp-json\/wp\/v2\/product\/6274","targetHints":{"allow":["GET"]}}],"collection":[{"href":"https:\/\/www.altechkachels.com\/it\/wp-json\/wp\/v2\/product"}],"about":[{"href":"https:\/\/www.altechkachels.com\/it\/wp-json\/wp\/v2\/types\/product"}],"replies":[{"embeddable":true,"href":"https:\/\/www.altechkachels.com\/it\/wp-json\/wp\/v2\/comments?post=6274"}],"wp:featuredmedia":[{"embeddable":true,"href":"https:\/\/www.altechkachels.com\/it\/wp-json\/wp\/v2\/media\/6036"}],"wp:attachment":[{"href":"https:\/\/www.altechkachels.com\/it\/wp-json\/wp\/v2\/media?parent=6274"}],"wp:term":[{"taxonomy":"product_brand","embeddable":true,"href":"https:\/\/www.altechkachels.com\/it\/wp-json\/wp\/v2\/product_brand?post=6274"},{"taxonomy":"product_cat","embeddable":true,"href":"https:\/\/www.altechkachels.com\/it\/wp-json\/wp\/v2\/product_cat?post=6274"},{"taxonomy":"product_tag","embeddable":true,"href":"https:\/\/www.altechkachels.com\/it\/wp-json\/wp\/v2\/product_tag?post=6274"}],"curies":[{"name":"wp","href":"https:\/\/api.w.org\/{rel}","templated":true}]}}